{"id":820,"date":"2021-09-10T18:57:13","date_gmt":"2021-09-10T21:57:13","guid":{"rendered":"https:\/\/isfdyt155-bue.infd.edu.ar\/sitio\/?page_id=820"},"modified":"2023-03-30T14:29:27","modified_gmt":"2023-03-30T17:29:27","slug":"profesorrado-de-educacion-secundaria-en-fisica","status":"publish","type":"page","link":"https:\/\/isfdyt155-bue.infd.edu.ar\/sitio\/profesorrado-de-educacion-secundaria-en-fisica\/","title":{"rendered":"PROF. DE EDUC. SECUNDARIA EN F\u00cdSICA"},"content":{"rendered":"\n<p><strong>T\u00edtulo: <\/strong>Profesor o Profesora de Educaci\u00f3n Secundaria en F\u00edsica<\/p>\n\n\n\n<p><strong>Duraci\u00f3n: <\/strong>4 a\u00f1os<\/p>\n\n\n\n<p><strong>Tipo de cursada: <\/strong>Presencial<\/p>\n\n\n\n<p><strong>Horario de cursada: <\/strong>18 hs a 22,10 hs (los d\u00edas con pre hora se ingresa 17,15) y adem\u00e1s es necesario contar con tiempo en turno contrario para las pr\u00e1cticas en establecimientos educativos.<\/p>\n\n\n\n<p><strong>D\u00edas de cursada:<\/strong> Lunes a viernes<\/p>\n\n\n\n<p><a href=\"https:\/\/isfdyt155-bue.infd.edu.ar\/sitio\/wp-content\/uploads\/2023\/03\/IF-2022-40270933-GDEBA-Diseno-Curricular-del-Profesorado-FISICA_compressed-1.pdf\" data-type=\"URL\" data-id=\"https:\/\/isfdyt155-bue.infd.edu.ar\/sitio\/wp-content\/uploads\/2023\/03\/IF-2022-40270933-GDEBA-Diseno-Curricular-del-Profesorado-FISICA_compressed-1.pdf\">Dise\u00f1o Curricular 2022<\/a><\/p>\n\n\n\n<p><a href=\"https:\/\/isfdyt155-bue.infd.edu.ar\/sitio\/wp-content\/uploads\/2021\/09\/DC-Fisica-Res-13259-99-modif-x-3581-00.pdf\">Dise\u00f1o Curricular 1999<\/a><\/p>\n\n\n\n<p><a href=\"https:\/\/isfdyt155-bue.infd.edu.ar\/sitio\/wp-content\/uploads\/2021\/09\/DC-Fisica-Estruct.-Gral.-Res-13271-99modif-por-3581-00.pdf\">Estructura General 199<\/a>9<\/p>\n\n\n\n<p><\/p>\n","protected":false},"excerpt":{"rendered":"<p>T\u00edtulo: Profesor o Profesora de Educaci\u00f3n Secundaria en F\u00edsica Duraci\u00f3n: 4 a\u00f1os Tipo de cursada: Presencial Horario de cursada: 18 hs a 22,10 hs (los d\u00edas con pre hora se ingresa 17,15) y adem\u00e1s es necesario contar con tiempo en turno contrario para las pr\u00e1cticas en establecimientos educativos. D\u00edas de cursada: Lunes a viernes Dise\u00f1o &#8230; <a title=\"PROF. DE EDUC. SECUNDARIA EN F\u00cdSICA\" class=\"read-more\" href=\"https:\/\/isfdyt155-bue.infd.edu.ar\/sitio\/profesorrado-de-educacion-secundaria-en-fisica\/\" aria-label=\"More on PROF. DE EDUC. SECUNDARIA EN F\u00cdSICA\">[+]<\/a><\/p>\n","protected":false},"author":392,"featured_media":0,"parent":0,"menu_order":0,"comment_status":"closed","ping_status":"closed","template":"","meta":[],"acf":[],"_links":{"self":[{"href":"https:\/\/isfdyt155-bue.infd.edu.ar\/sitio\/wp-json\/wp\/v2\/pages\/820"}],"collection":[{"href":"https:\/\/isfdyt155-bue.infd.edu.ar\/sitio\/wp-json\/wp\/v2\/pages"}],"about":[{"href":"https:\/\/isfdyt155-bue.infd.edu.ar\/sitio\/wp-json\/wp\/v2\/types\/page"}],"author":[{"embeddable":true,"href":"https:\/\/isfdyt155-bue.infd.edu.ar\/sitio\/wp-json\/wp\/v2\/users\/392"}],"replies":[{"embeddable":true,"href":"https:\/\/isfdyt155-bue.infd.edu.ar\/sitio\/wp-json\/wp\/v2\/comments?post=820"}],"version-history":[{"count":14,"href":"https:\/\/isfdyt155-bue.infd.edu.ar\/sitio\/wp-json\/wp\/v2\/pages\/820\/revisions"}],"predecessor-version":[{"id":1457,"href":"https:\/\/isfdyt155-bue.infd.edu.ar\/sitio\/wp-json\/wp\/v2\/pages\/820\/revisions\/1457"}],"wp:attachment":[{"href":"https:\/\/isfdyt155-bue.infd.edu.ar\/sitio\/wp-json\/wp\/v2\/media?parent=820"}],"curies":[{"name":"wp","href":"https:\/\/api.w.org\/{rel}","templated":true}]}}