{"id":768,"date":"2018-07-26T14:05:47","date_gmt":"2018-07-26T17:05:47","guid":{"rendered":"https:\/\/isfdyt155-bue.infd.edu.ar\/sitio\/?page_id=768"},"modified":"2021-09-23T20:28:16","modified_gmt":"2021-09-23T23:28:16","slug":"docentes","status":"publish","type":"page","link":"https:\/\/isfdyt155-bue.infd.edu.ar\/sitio\/docentes\/","title":{"rendered":"PREGUNTAS FRECUENTES"},"content":{"rendered":"\n<p><strong>\u00bfQu\u00e9 necesito presentar para inscribirme?<\/strong><\/p>\n\n\n\n<p>T\u00edtulo Secundario (anal\u00edtico) o constancia de anal\u00edtico en tr\u00e1mite\/DNI original y copia\/Partida de nacimiento\/2 fotograf\u00edas 4&#215;4\/Apto F\u00edsico\/Folio<\/p>\n\n\n\n<p><strong>\u00bfHay examen de ingreso?<\/strong><\/p>\n\n\n\n<p>No hay examen de ingreso pero se debe cursar en ambas carreras un Taller Inicial obligatorio.<\/p>\n\n\n\n<p><strong>\u00bfSe puede cursar de forma virtual o a distancia?<\/strong><\/p>\n\n\n\n<p>No, ambos profesorados se cursan en forma<strong> PRESENCIAL<\/strong>.<\/p>\n\n\n\n<p><strong>\u00bfCu\u00e1nto duran las carreras?<\/strong><\/p>\n\n\n\n<p>La duraci\u00f3n de ambas carreras es de 4 a\u00f1os pero puede extenderse seg\u00fan la trayectoria de cada estudiante.<\/p>\n\n\n\n<p><strong>\u00bfPuedo cursar algunas materias?<\/strong><\/p>\n\n\n\n<p>Si, pero teniendo en cuenta el r\u00e9gimen de correlatividades correspondientes a cada profesorado.<\/p>\n\n\n\n<p><strong>\u00bfSe dicta la carrera de maestra?<\/strong><\/p>\n\n\n\n<p>El Profesorado de Educaci\u00f3n Primaria que se dicta en nuestro instituto habilita para ejercer como <strong>Maestra de Grado<\/strong> (<strong>MG<\/strong>) en el Nivel Primario.<\/p>\n\n\n\n<p><strong>\u00bfSe dicta la carrera de preceptor?<\/strong><\/p>\n\n\n\n<p>No existe carrera de preceptor. Los t\u00edtulos de Profesor en Educaci\u00f3n Primaria y Profesor de Educaci\u00f3n Secundaria en F\u00edsica habilitan para tomar cargos como preceptor o preceptora en distintos niveles de la educaci\u00f3n.<\/p>\n\n\n\n<p><strong>\u00bfSe dicta el Tramo Pedag\u00f3gico para profesionales?<\/strong><\/p>\n\n\n\n<p>No<\/p>\n\n\n\n<p><strong>\u00bfSe dicta el Profesorado para Adultos?<\/strong><\/p>\n\n\n\n<p>No<\/p>\n","protected":false},"excerpt":{"rendered":"<p>\u00bfQu\u00e9 necesito presentar para inscribirme? T\u00edtulo Secundario (anal\u00edtico) o constancia de anal\u00edtico en tr\u00e1mite\/DNI original y copia\/Partida de nacimiento\/2 fotograf\u00edas 4&#215;4\/Apto F\u00edsico\/Folio \u00bfHay examen de ingreso? No hay examen de ingreso pero se debe cursar en ambas carreras un Taller Inicial obligatorio. \u00bfSe puede cursar de forma virtual o a distancia? No, ambos profesorados se &#8230; <a title=\"PREGUNTAS FRECUENTES\" class=\"read-more\" href=\"https:\/\/isfdyt155-bue.infd.edu.ar\/sitio\/docentes\/\" aria-label=\"More on PREGUNTAS FRECUENTES\">[+]<\/a><\/p>\n","protected":false},"author":6,"featured_media":0,"parent":0,"menu_order":0,"comment_status":"closed","ping_status":"closed","template":"","meta":[],"acf":[],"_links":{"self":[{"href":"https:\/\/isfdyt155-bue.infd.edu.ar\/sitio\/wp-json\/wp\/v2\/pages\/768"}],"collection":[{"href":"https:\/\/isfdyt155-bue.infd.edu.ar\/sitio\/wp-json\/wp\/v2\/pages"}],"about":[{"href":"https:\/\/isfdyt155-bue.infd.edu.ar\/sitio\/wp-json\/wp\/v2\/types\/page"}],"author":[{"embeddable":true,"href":"https:\/\/isfdyt155-bue.infd.edu.ar\/sitio\/wp-json\/wp\/v2\/users\/6"}],"replies":[{"embeddable":true,"href":"https:\/\/isfdyt155-bue.infd.edu.ar\/sitio\/wp-json\/wp\/v2\/comments?post=768"}],"version-history":[{"count":10,"href":"https:\/\/isfdyt155-bue.infd.edu.ar\/sitio\/wp-json\/wp\/v2\/pages\/768\/revisions"}],"predecessor-version":[{"id":910,"href":"https:\/\/isfdyt155-bue.infd.edu.ar\/sitio\/wp-json\/wp\/v2\/pages\/768\/revisions\/910"}],"wp:attachment":[{"href":"https:\/\/isfdyt155-bue.infd.edu.ar\/sitio\/wp-json\/wp\/v2\/media?parent=768"}],"curies":[{"name":"wp","href":"https:\/\/api.w.org\/{rel}","templated":true}]}}