{"id":318,"date":"2016-10-31T14:20:44","date_gmt":"2016-10-31T17:20:44","guid":{"rendered":"https:\/\/isfdyt155-bue.infd.edu.ar\/sitio\/?page_id=318"},"modified":"2021-09-24T18:23:36","modified_gmt":"2021-09-24T21:23:36","slug":"contacto","status":"publish","type":"page","link":"https:\/\/isfdyt155-bue.infd.edu.ar\/sitio\/institucional\/contacto\/","title":{"rendered":"Datos de contacto"},"content":{"rendered":"<h2>Para comunicarte con nosotros:<\/h2>\n<p><strong>Correo electr\u00f3nico:<\/strong> isfd155@gmail.com<\/p>\n<p><strong>Tel\u00e9fono: <\/strong>02374850393<\/p>\n<p><strong>Direcci\u00f3n: <\/strong>Sarmiento 950, General Rodr\u00edguez, Provincia de Buenos Aires<strong><br \/>Horarios de atenci\u00f3n: <\/strong>Lunes a viernes 18 hs a 22 hs<\/p>\n\n\n<p><\/p>\n","protected":false},"excerpt":{"rendered":"<p>Para comunicarte con nosotros: Correo electr\u00f3nico: isfd155@gmail.com Tel\u00e9fono: 02374850393 Direcci\u00f3n: Sarmiento 950, General Rodr\u00edguez, Provincia de Buenos AiresHorarios de atenci\u00f3n: Lunes a viernes 18 hs a 22 hs<\/p>\n","protected":false},"author":1,"featured_media":0,"parent":683,"menu_order":0,"comment_status":"closed","ping_status":"closed","template":"","meta":[],"acf":[],"_links":{"self":[{"href":"https:\/\/isfdyt155-bue.infd.edu.ar\/sitio\/wp-json\/wp\/v2\/pages\/318"}],"collection":[{"href":"https:\/\/isfdyt155-bue.infd.edu.ar\/sitio\/wp-json\/wp\/v2\/pages"}],"about":[{"href":"https:\/\/isfdyt155-bue.infd.edu.ar\/sitio\/wp-json\/wp\/v2\/types\/page"}],"author":[{"embeddable":true,"href":"https:\/\/isfdyt155-bue.infd.edu.ar\/sitio\/wp-json\/wp\/v2\/users\/1"}],"replies":[{"embeddable":true,"href":"https:\/\/isfdyt155-bue.infd.edu.ar\/sitio\/wp-json\/wp\/v2\/comments?post=318"}],"version-history":[{"count":17,"href":"https:\/\/isfdyt155-bue.infd.edu.ar\/sitio\/wp-json\/wp\/v2\/pages\/318\/revisions"}],"predecessor-version":[{"id":896,"href":"https:\/\/isfdyt155-bue.infd.edu.ar\/sitio\/wp-json\/wp\/v2\/pages\/318\/revisions\/896"}],"up":[{"embeddable":true,"href":"https:\/\/isfdyt155-bue.infd.edu.ar\/sitio\/wp-json\/wp\/v2\/pages\/683"}],"wp:attachment":[{"href":"https:\/\/isfdyt155-bue.infd.edu.ar\/sitio\/wp-json\/wp\/v2\/media?parent=318"}],"curies":[{"name":"wp","href":"https:\/\/api.w.org\/{rel}","templated":true}]}}