{"id":286,"date":"2016-10-31T13:17:59","date_gmt":"2016-10-31T16:17:59","guid":{"rendered":"https:\/\/isfdyt155-bue.infd.edu.ar\/sitio\/?page_id=286"},"modified":"2023-10-02T19:37:01","modified_gmt":"2023-10-02T22:37:01","slug":"inicio","status":"publish","type":"page","link":"https:\/\/isfdyt155-bue.infd.edu.ar\/sitio\/","title":{"rendered":""},"content":{"rendered":"<h2>Jornada Institucional sobre #NiUnaMenos<\/h2>\n<h2 style=\"text-align: left;\">03\/10\/2023<\/h2>\n<p style=\"text-align: left;\">Luego del 3 de junio de 2015, cuando los movimientos de mujeres y organizaciones feministas se pronunciaron de forma masiva en las calles y en las redes sociales bajo el lema #NiUnaMenos, comenz\u00f3 un nuevo per\u00edodo de transformaci\u00f3n, que se extiende hasta la actualidad y que instal\u00f3 la perspectiva de g\u00e9neros y la visibilizaci\u00f3n de las violencias machistas en primer plano. Como no pod\u00eda ser de otra manera, la escuela tambi\u00e9n se hizo eco de estos debates p\u00fablicos.<br \/>Nuestro instituto superior de formaci\u00f3n docente y t\u00e9cnica, en el marco de una jornada institucional sobre la efem\u00e9ride del 3 de Junio, trabajamos sobre las violencias contra mujeres y disidencias sexuales desde un enfoque colaborativo, con fuerte enclave en la educaci\u00f3n popular y la pedagog\u00eda\u00a0cr\u00edtica.\u00a0 \u00a0<\/p>\n<h2 style=\"text-align: center;\">\u00a0 \u00a0 \u00a0 \u00a0 \u00a0 \u00a0 \u00a0 \u00a0 \u00a0 \u00a0 \u00a0 \u00a0 \u00a0 \u00a0 \u00a0 \u00a0 \u00a0 \u00a0 \u00a0 \u00a0 \u00a0 \u00a0 \u00a0 \u00a0 \u00a0 \u00a0 \u00a0 \u00a0 \u00a0 \u00a0<div id=\"metaslider-id-403\" style=\"max-width: 800px;\" class=\"ml-slider-3-33-0 metaslider metaslider-flex metaslider-403 ml-slider ms-theme-default\" role=\"region\" aria-roledescription=\"Slideshow\" aria-label=\"Slideshow\">\n    <div id=\"metaslider_container_403\">\n        <div id=\"metaslider_403\" class=\"flexslider\">\n            <ul aria-live=\"polite\" class=\"slides\">\n                <li style=\"display: block; width: 100%;\" class=\"slide-1506 ms-image\" aria-roledescription=\"slide\" aria-label=\"slide-1506\"><img src=\"https:\/\/isfdyt155-bue.infd.edu.ar\/sitio\/wp-content\/uploads\/2023\/10\/Imagen-de-WhatsApp-2023-10-02-a-las-18.59.59_87d878e3-800x800.jpg\" height=\"800\" width=\"800\" alt=\"\" class=\"slider-403 slide-1506\" title=\"Imagen de WhatsApp 2023-10-02 a las 18.59.59_87d878e3\" \/><\/li>\n                <li style=\"display: none; width: 100%;\" class=\"slide-1507 ms-image\" aria-roledescription=\"slide\" aria-label=\"slide-1507\"><img src=\"https:\/\/isfdyt155-bue.infd.edu.ar\/sitio\/wp-content\/uploads\/2023\/10\/Imagen-de-WhatsApp-2023-10-02-a-las-18.59.58_c1ab82aa-800x800.jpg\" height=\"800\" width=\"800\" alt=\"\" class=\"slider-403 slide-1507\" title=\"Imagen de WhatsApp 2023-10-02 a las 18.59.58_c1ab82aa\" \/><\/li>\n                <li style=\"display: none; width: 100%;\" class=\"slide-1508 ms-image\" aria-roledescription=\"slide\" aria-label=\"slide-1508\"><img src=\"https:\/\/isfdyt155-bue.infd.edu.ar\/sitio\/wp-content\/uploads\/2023\/10\/Imagen-de-WhatsApp-2023-10-02-a-las-18.59.58_2d5ae4d6-800x800.jpg\" height=\"800\" width=\"800\" alt=\"\" class=\"slider-403 slide-1508\" title=\"Imagen de WhatsApp 2023-10-02 a las 18.59.58_2d5ae4d6\" \/><\/li>\n                <li style=\"display: none; width: 100%;\" class=\"slide-1509 ms-image\" aria-roledescription=\"slide\" aria-label=\"slide-1509\"><img src=\"https:\/\/isfdyt155-bue.infd.edu.ar\/sitio\/wp-content\/uploads\/2023\/10\/Imagen-de-WhatsApp-2023-10-02-a-las-18.59.56_4cb9f7f0-800x800.jpg\" height=\"800\" width=\"800\" alt=\"\" class=\"slider-403 slide-1509\" title=\"Imagen de WhatsApp 2023-10-02 a las 18.59.56_4cb9f7f0\" \/><\/li>\n                <li style=\"display: none; width: 100%;\" class=\"slide-1510 ms-image\" aria-roledescription=\"slide\" aria-label=\"slide-1510\"><img src=\"https:\/\/isfdyt155-bue.infd.edu.ar\/sitio\/wp-content\/uploads\/2023\/10\/Imagen-de-WhatsApp-2023-10-02-a-las-18.59.50_5fda7c1f-800x800.jpg\" height=\"800\" width=\"800\" alt=\"\" class=\"slider-403 slide-1510\" title=\"Imagen de WhatsApp 2023-10-02 a las 18.59.50_5fda7c1f\" \/><\/li>\n                <li style=\"display: none; width: 100%;\" class=\"slide-1511 ms-image\" aria-roledescription=\"slide\" aria-label=\"slide-1511\"><img src=\"https:\/\/isfdyt155-bue.infd.edu.ar\/sitio\/wp-content\/uploads\/2023\/10\/Imagen-de-WhatsApp-2023-10-02-a-las-18.59.55_7e040a96-800x800.jpg\" height=\"800\" width=\"800\" alt=\"\" class=\"slider-403 slide-1511\" title=\"Imagen de WhatsApp 2023-10-02 a las 18.59.55_7e040a96\" \/><\/li>\n            <\/ul>\n        <\/div>\n        \n    <\/div>\n<\/div>\u00a0 \u00a0 \u00a0 \u00a0 \u00a0 \u00a0 \u00a0 \u00a0 \u00a0 \u00a0 \u00a0 \u00a0 \u00a0 \u00a0 \u00a0 \u00a0 \u00a0 \u00a0 \u00a0 \u00a0 \u00a0 \u00a0 \u00a0 \u00a0 \u00a0\u00a0 \u00a0 \u00a0 \u00a0 \u00a0 \u00a0 \u00a0 \u00a0 \u00a0 \u00a0 \u00a0 \u00a0 \u00a0 \u00a0 \u00a0 \u00a0 \u00a0\u00a0<\/h2>\n<h2>\u00a0<\/h2>\n<h2>Im\u00e1genes del Taller Inicial 2023<\/h2>\n<p>Les deseamos una excelente cursada<\/p>\n<div id='gallery-1' class='gallery galleryid-286 gallery-columns-3 gallery-size-thumbnail'><figure class='gallery-item'>\n\t\t\t<div class='gallery-icon landscape'>\n\t\t\t\t<a href='https:\/\/isfdyt155-bue.infd.edu.ar\/sitio\/whatsapp-image-2023-03-15-at-20-36-23-2\/'><img width=\"500\" height=\"500\" src=\"https:\/\/isfdyt155-bue.infd.edu.ar\/sitio\/wp-content\/uploads\/2023\/03\/WhatsApp-Image-2023-03-15-at-20.36.23-2-500x500.jpeg\" class=\"attachment-thumbnail size-thumbnail\" alt=\"\" decoding=\"async\" loading=\"lazy\" \/><\/a>\n\t\t\t<\/div><\/figure><figure class='gallery-item'>\n\t\t\t<div class='gallery-icon landscape'>\n\t\t\t\t<a href='https:\/\/isfdyt155-bue.infd.edu.ar\/sitio\/whatsapp-image-2023-03-15-at-20-36-25\/'><img width=\"500\" height=\"500\" src=\"https:\/\/isfdyt155-bue.infd.edu.ar\/sitio\/wp-content\/uploads\/2023\/03\/WhatsApp-Image-2023-03-15-at-20.36.25-500x500.jpeg\" class=\"attachment-thumbnail size-thumbnail\" alt=\"\" decoding=\"async\" loading=\"lazy\" \/><\/a>\n\t\t\t<\/div><\/figure><figure class='gallery-item'>\n\t\t\t<div class='gallery-icon portrait'>\n\t\t\t\t<a href='https:\/\/isfdyt155-bue.infd.edu.ar\/sitio\/whatsapp-image-2023-03-15-at-20-36-24-1\/'><img width=\"500\" height=\"500\" src=\"https:\/\/isfdyt155-bue.infd.edu.ar\/sitio\/wp-content\/uploads\/2023\/03\/WhatsApp-Image-2023-03-15-at-20.36.24-1-500x500.jpeg\" class=\"attachment-thumbnail size-thumbnail\" alt=\"\" decoding=\"async\" loading=\"lazy\" \/><\/a>\n\t\t\t<\/div><\/figure><figure class='gallery-item'>\n\t\t\t<div class='gallery-icon portrait'>\n\t\t\t\t<a href='https:\/\/isfdyt155-bue.infd.edu.ar\/sitio\/whatsapp-image-2023-03-15-at-20-36-23\/'><img width=\"500\" height=\"500\" src=\"https:\/\/isfdyt155-bue.infd.edu.ar\/sitio\/wp-content\/uploads\/2023\/03\/WhatsApp-Image-2023-03-15-at-20.36.23-500x500.jpeg\" class=\"attachment-thumbnail size-thumbnail\" alt=\"\" decoding=\"async\" loading=\"lazy\" \/><\/a>\n\t\t\t<\/div><\/figure><figure class='gallery-item'>\n\t\t\t<div class='gallery-icon portrait'>\n\t\t\t\t<a href='https:\/\/isfdyt155-bue.infd.edu.ar\/sitio\/whatsapp-image-2023-03-15-at-20-36-26-1\/'><img width=\"464\" height=\"500\" src=\"https:\/\/isfdyt155-bue.infd.edu.ar\/sitio\/wp-content\/uploads\/2023\/03\/WhatsApp-Image-2023-03-15-at-20.36.26-1-464x500.jpeg\" class=\"attachment-thumbnail size-thumbnail\" alt=\"\" decoding=\"async\" loading=\"lazy\" \/><\/a>\n\t\t\t<\/div><\/figure><figure class='gallery-item'>\n\t\t\t<div class='gallery-icon portrait'>\n\t\t\t\t<a href='https:\/\/isfdyt155-bue.infd.edu.ar\/sitio\/inicio\/whatsapp-image-2023-03-15-at-20-36-26\/#main'><img width=\"464\" height=\"500\" src=\"https:\/\/isfdyt155-bue.infd.edu.ar\/sitio\/wp-content\/uploads\/2023\/03\/WhatsApp-Image-2023-03-15-at-20.36.26-464x500.jpeg\" class=\"attachment-thumbnail size-thumbnail\" alt=\"Secretario\" decoding=\"async\" loading=\"lazy\" \/><\/a>\n\t\t\t<\/div><\/figure><figure class='gallery-item'>\n\t\t\t<div class='gallery-icon portrait'>\n\t\t\t\t<a href='https:\/\/isfdyt155-bue.infd.edu.ar\/sitio\/whatsapp-image-2023-03-15-at-20-36-26-2\/'><img width=\"500\" height=\"500\" src=\"https:\/\/isfdyt155-bue.infd.edu.ar\/sitio\/wp-content\/uploads\/2023\/03\/WhatsApp-Image-2023-03-15-at-20.36.26-2-500x500.jpeg\" class=\"attachment-thumbnail size-thumbnail\" alt=\"\" decoding=\"async\" loading=\"lazy\" \/><\/a>\n\t\t\t<\/div><\/figure><figure class='gallery-item'>\n\t\t\t<div class='gallery-icon landscape'>\n\t\t\t\t<a href='https:\/\/isfdyt155-bue.infd.edu.ar\/sitio\/whatsapp-image-2023-03-15-at-20-36-27\/'><img width=\"500\" height=\"500\" src=\"https:\/\/isfdyt155-bue.infd.edu.ar\/sitio\/wp-content\/uploads\/2023\/03\/WhatsApp-Image-2023-03-15-at-20.36.27-500x500.jpeg\" class=\"attachment-thumbnail size-thumbnail\" alt=\"\" decoding=\"async\" loading=\"lazy\" \/><\/a>\n\t\t\t<\/div><\/figure><figure class='gallery-item'>\n\t\t\t<div class='gallery-icon landscape'>\n\t\t\t\t<a href='https:\/\/isfdyt155-bue.infd.edu.ar\/sitio\/whatsapp-image-2023-03-15-at-20-36-27-1\/'><img width=\"500\" height=\"500\" src=\"https:\/\/isfdyt155-bue.infd.edu.ar\/sitio\/wp-content\/uploads\/2023\/03\/WhatsApp-Image-2023-03-15-at-20.36.27-1-500x500.jpeg\" class=\"attachment-thumbnail size-thumbnail\" alt=\"\" decoding=\"async\" loading=\"lazy\" \/><\/a>\n\t\t\t<\/div><\/figure>\n\t\t<\/div>\n\n<p>&nbsp;<\/p>\n<p>&nbsp;<\/p>\n<h2>\u00a0<\/h2>\n<p>&nbsp;<\/p>\n<p>Im\u00e1genes del primer acto de colaci\u00f3n de nuestro instituto.<\/p>\n<p>Felicitaciones a las y los nuevos profesores<\/p>\n<div id='gallery-2' class='gallery galleryid-286 gallery-columns-3 gallery-size-thumbnail'><figure class='gallery-item'>\n\t\t\t<div class='gallery-icon landscape'>\n\t\t\t\t<a href='https:\/\/isfdyt155-bue.infd.edu.ar\/sitio\/whatsapp-image-2022-11-17-at-21-47-24\/'><img width=\"500\" height=\"500\" src=\"https:\/\/isfdyt155-bue.infd.edu.ar\/sitio\/wp-content\/uploads\/2022\/11\/WhatsApp-Image-2022-11-17-at-21.47.24-500x500.jpeg\" class=\"attachment-thumbnail size-thumbnail\" alt=\"\" decoding=\"async\" loading=\"lazy\" \/><\/a>\n\t\t\t<\/div><\/figure><figure class='gallery-item'>\n\t\t\t<div class='gallery-icon landscape'>\n\t\t\t\t<a href='https:\/\/isfdyt155-bue.infd.edu.ar\/sitio\/whatsapp-image-2022-11-17-at-21-47-32\/'><img width=\"500\" height=\"500\" src=\"https:\/\/isfdyt155-bue.infd.edu.ar\/sitio\/wp-content\/uploads\/2022\/11\/WhatsApp-Image-2022-11-17-at-21.47.32-500x500.jpeg\" class=\"attachment-thumbnail size-thumbnail\" alt=\"\" decoding=\"async\" loading=\"lazy\" \/><\/a>\n\t\t\t<\/div><\/figure><figure class='gallery-item'>\n\t\t\t<div class='gallery-icon landscape'>\n\t\t\t\t<a href='https:\/\/isfdyt155-bue.infd.edu.ar\/sitio\/whatsapp-image-2022-11-17-at-21-47-35\/'><img width=\"500\" height=\"500\" src=\"https:\/\/isfdyt155-bue.infd.edu.ar\/sitio\/wp-content\/uploads\/2022\/11\/WhatsApp-Image-2022-11-17-at-21.47.35-500x500.jpeg\" class=\"attachment-thumbnail size-thumbnail\" alt=\"\" decoding=\"async\" loading=\"lazy\" \/><\/a>\n\t\t\t<\/div><\/figure><figure class='gallery-item'>\n\t\t\t<div class='gallery-icon landscape'>\n\t\t\t\t<a href='https:\/\/isfdyt155-bue.infd.edu.ar\/sitio\/whatsapp-image-2022-11-17-at-21-47-36-1\/'><img width=\"500\" height=\"500\" src=\"https:\/\/isfdyt155-bue.infd.edu.ar\/sitio\/wp-content\/uploads\/2022\/11\/WhatsApp-Image-2022-11-17-at-21.47.36-1-500x500.jpeg\" class=\"attachment-thumbnail size-thumbnail\" alt=\"\" decoding=\"async\" loading=\"lazy\" \/><\/a>\n\t\t\t<\/div><\/figure><figure class='gallery-item'>\n\t\t\t<div class='gallery-icon landscape'>\n\t\t\t\t<a href='https:\/\/isfdyt155-bue.infd.edu.ar\/sitio\/whatsapp-image-2022-11-17-at-21-47-36\/'><img width=\"500\" height=\"500\" src=\"https:\/\/isfdyt155-bue.infd.edu.ar\/sitio\/wp-content\/uploads\/2022\/11\/WhatsApp-Image-2022-11-17-at-21.47.36-500x500.jpeg\" class=\"attachment-thumbnail size-thumbnail\" alt=\"\" decoding=\"async\" loading=\"lazy\" \/><\/a>\n\t\t\t<\/div><\/figure><figure class='gallery-item'>\n\t\t\t<div class='gallery-icon landscape'>\n\t\t\t\t<a href='https:\/\/isfdyt155-bue.infd.edu.ar\/sitio\/whatsapp-image-2022-11-17-at-21-47-40\/'><img width=\"500\" height=\"500\" src=\"https:\/\/isfdyt155-bue.infd.edu.ar\/sitio\/wp-content\/uploads\/2022\/11\/WhatsApp-Image-2022-11-17-at-21.47.40-500x500.jpeg\" class=\"attachment-thumbnail size-thumbnail\" alt=\"\" decoding=\"async\" loading=\"lazy\" \/><\/a>\n\t\t\t<\/div><\/figure><figure class='gallery-item'>\n\t\t\t<div class='gallery-icon landscape'>\n\t\t\t\t<a href='https:\/\/isfdyt155-bue.infd.edu.ar\/sitio\/whatsapp-image-2022-11-17-at-21-47-41\/'><img width=\"500\" height=\"500\" src=\"https:\/\/isfdyt155-bue.infd.edu.ar\/sitio\/wp-content\/uploads\/2022\/11\/WhatsApp-Image-2022-11-17-at-21.47.41-500x500.jpeg\" class=\"attachment-thumbnail size-thumbnail\" alt=\"\" decoding=\"async\" loading=\"lazy\" \/><\/a>\n\t\t\t<\/div><\/figure><figure class='gallery-item'>\n\t\t\t<div class='gallery-icon landscape'>\n\t\t\t\t<a href='https:\/\/isfdyt155-bue.infd.edu.ar\/sitio\/whatsapp-image-2022-11-17-at-21-47-43\/'><img width=\"500\" height=\"500\" src=\"https:\/\/isfdyt155-bue.infd.edu.ar\/sitio\/wp-content\/uploads\/2022\/11\/WhatsApp-Image-2022-11-17-at-21.47.43-500x500.jpeg\" class=\"attachment-thumbnail size-thumbnail\" alt=\"\" decoding=\"async\" loading=\"lazy\" \/><\/a>\n\t\t\t<\/div><\/figure><figure class='gallery-item'>\n\t\t\t<div class='gallery-icon portrait'>\n\t\t\t\t<a href='https:\/\/isfdyt155-bue.infd.edu.ar\/sitio\/whatsapp-image-2022-11-17-at-21-47-44\/'><img width=\"500\" height=\"500\" src=\"https:\/\/isfdyt155-bue.infd.edu.ar\/sitio\/wp-content\/uploads\/2022\/11\/WhatsApp-Image-2022-11-17-at-21.47.44-500x500.jpeg\" class=\"attachment-thumbnail size-thumbnail\" alt=\"\" decoding=\"async\" loading=\"lazy\" \/><\/a>\n\t\t\t<\/div><\/figure><figure class='gallery-item'>\n\t\t\t<div class='gallery-icon landscape'>\n\t\t\t\t<a href='https:\/\/isfdyt155-bue.infd.edu.ar\/sitio\/whatsapp-image-2022-11-17-at-21-47-45-1\/'><img width=\"500\" height=\"500\" src=\"https:\/\/isfdyt155-bue.infd.edu.ar\/sitio\/wp-content\/uploads\/2022\/11\/WhatsApp-Image-2022-11-17-at-21.47.45-1-500x500.jpeg\" class=\"attachment-thumbnail size-thumbnail\" alt=\"\" decoding=\"async\" loading=\"lazy\" \/><\/a>\n\t\t\t<\/div><\/figure><figure class='gallery-item'>\n\t\t\t<div class='gallery-icon landscape'>\n\t\t\t\t<a href='https:\/\/isfdyt155-bue.infd.edu.ar\/sitio\/whatsapp-image-2022-11-17-at-21-47-47\/'><img width=\"500\" height=\"500\" src=\"https:\/\/isfdyt155-bue.infd.edu.ar\/sitio\/wp-content\/uploads\/2022\/11\/WhatsApp-Image-2022-11-17-at-21.47.47-500x500.jpeg\" class=\"attachment-thumbnail size-thumbnail\" alt=\"\" decoding=\"async\" loading=\"lazy\" \/><\/a>\n\t\t\t<\/div><\/figure><figure class='gallery-item'>\n\t\t\t<div class='gallery-icon landscape'>\n\t\t\t\t<a href='https:\/\/isfdyt155-bue.infd.edu.ar\/sitio\/whatsapp-image-2022-11-17-at-21-47-48-1\/'><img width=\"500\" height=\"500\" src=\"https:\/\/isfdyt155-bue.infd.edu.ar\/sitio\/wp-content\/uploads\/2022\/11\/WhatsApp-Image-2022-11-17-at-21.47.48-1-500x500.jpeg\" class=\"attachment-thumbnail size-thumbnail\" alt=\"\" decoding=\"async\" loading=\"lazy\" \/><\/a>\n\t\t\t<\/div><\/figure><figure class='gallery-item'>\n\t\t\t<div class='gallery-icon landscape'>\n\t\t\t\t<a href='https:\/\/isfdyt155-bue.infd.edu.ar\/sitio\/whatsapp-image-2022-11-17-at-21-47-48\/'><img width=\"500\" height=\"500\" src=\"https:\/\/isfdyt155-bue.infd.edu.ar\/sitio\/wp-content\/uploads\/2022\/11\/WhatsApp-Image-2022-11-17-at-21.47.48-500x500.jpeg\" class=\"attachment-thumbnail size-thumbnail\" alt=\"\" decoding=\"async\" loading=\"lazy\" \/><\/a>\n\t\t\t<\/div><\/figure><figure class='gallery-item'>\n\t\t\t<div class='gallery-icon landscape'>\n\t\t\t\t<a href='https:\/\/isfdyt155-bue.infd.edu.ar\/sitio\/whatsapp-image-2022-11-17-at-21-47-34\/'><img width=\"500\" height=\"500\" src=\"https:\/\/isfdyt155-bue.infd.edu.ar\/sitio\/wp-content\/uploads\/2022\/11\/WhatsApp-Image-2022-11-17-at-21.47.34-500x500.jpeg\" class=\"attachment-thumbnail size-thumbnail\" alt=\"\" decoding=\"async\" loading=\"lazy\" \/><\/a>\n\t\t\t<\/div><\/figure>\n\t\t<\/div>\n\n<h2>SEMANA DE LA ESI<\/h2>\n<h2>Im\u00e1genes del Conversatorio sobre Trayecto Escolares y Disidencias Sexo- Gen\u00e9ricas.<\/h2>\n<div id='gallery-3' class='gallery galleryid-286 gallery-columns-3 gallery-size-thumbnail'><figure class='gallery-item'>\n\t\t\t<div class='gallery-icon landscape'>\n\t\t\t\t<a href='https:\/\/isfdyt155-bue.infd.edu.ar\/sitio\/inicio\/whatsapp-image-2022-08-22-at-8-16-01-pm\/#main'><img width=\"500\" height=\"500\" src=\"https:\/\/isfdyt155-bue.infd.edu.ar\/sitio\/wp-content\/uploads\/2022\/08\/WhatsApp-Image-2022-08-22-at-8.16.01-PM-500x500.jpeg\" class=\"attachment-thumbnail size-thumbnail\" alt=\"\" decoding=\"async\" loading=\"lazy\" \/><\/a>\n\t\t\t<\/div><\/figure><figure class='gallery-item'>\n\t\t\t<div class='gallery-icon landscape'>\n\t\t\t\t<a href='https:\/\/isfdyt155-bue.infd.edu.ar\/sitio\/inicio\/whatsapp-image-2022-08-22-at-8-15-59-pm\/#main'><img width=\"500\" height=\"500\" src=\"https:\/\/isfdyt155-bue.infd.edu.ar\/sitio\/wp-content\/uploads\/2022\/08\/WhatsApp-Image-2022-08-22-at-8.15.59-PM-500x500.jpeg\" class=\"attachment-thumbnail size-thumbnail\" alt=\"\" decoding=\"async\" loading=\"lazy\" \/><\/a>\n\t\t\t<\/div><\/figure><figure class='gallery-item'>\n\t\t\t<div class='gallery-icon landscape'>\n\t\t\t\t<a href='https:\/\/isfdyt155-bue.infd.edu.ar\/sitio\/inicio\/whatsapp-image-2022-08-22-at-8-15-58-pm\/#main'><img width=\"500\" height=\"500\" src=\"https:\/\/isfdyt155-bue.infd.edu.ar\/sitio\/wp-content\/uploads\/2022\/08\/WhatsApp-Image-2022-08-22-at-8.15.58-PM-500x500.jpeg\" class=\"attachment-thumbnail size-thumbnail\" alt=\"\" decoding=\"async\" loading=\"lazy\" \/><\/a>\n\t\t\t<\/div><\/figure><figure class='gallery-item'>\n\t\t\t<div class='gallery-icon landscape'>\n\t\t\t\t<a href='https:\/\/isfdyt155-bue.infd.edu.ar\/sitio\/inicio\/whatsapp-image-2022-08-22-at-8-15-56-pm\/#main'><img width=\"500\" height=\"500\" src=\"https:\/\/isfdyt155-bue.infd.edu.ar\/sitio\/wp-content\/uploads\/2022\/08\/WhatsApp-Image-2022-08-22-at-8.15.56-PM-500x500.jpeg\" class=\"attachment-thumbnail size-thumbnail\" alt=\"\" decoding=\"async\" loading=\"lazy\" \/><\/a>\n\t\t\t<\/div><\/figure><figure class='gallery-item'>\n\t\t\t<div class='gallery-icon portrait'>\n\t\t\t\t<a href='https:\/\/isfdyt155-bue.infd.edu.ar\/sitio\/inicio\/whatsapp-image-2022-08-22-at-8-06-52-pm-1\/#main'><img width=\"464\" height=\"500\" src=\"https:\/\/isfdyt155-bue.infd.edu.ar\/sitio\/wp-content\/uploads\/2022\/08\/WhatsApp-Image-2022-08-22-at-8.06.52-PM-1-464x500.jpeg\" class=\"attachment-thumbnail size-thumbnail\" alt=\"\" decoding=\"async\" loading=\"lazy\" \/><\/a>\n\t\t\t<\/div><\/figure><figure class='gallery-item'>\n\t\t\t<div class='gallery-icon landscape'>\n\t\t\t\t<a href='https:\/\/isfdyt155-bue.infd.edu.ar\/sitio\/inicio\/whatsapp-image-2022-08-22-at-8-06-45-pm\/#main'><img width=\"500\" height=\"464\" src=\"https:\/\/isfdyt155-bue.infd.edu.ar\/sitio\/wp-content\/uploads\/2022\/08\/WhatsApp-Image-2022-08-22-at-8.06.45-PM-500x464.jpeg\" class=\"attachment-thumbnail size-thumbnail\" alt=\"\" decoding=\"async\" loading=\"lazy\" \/><\/a>\n\t\t\t<\/div><\/figure>\n\t\t<\/div>\n\n<h5>\u00a0<\/h5>\n<h1>INFORMACI\u00d3N SOBRE NUESTRAS CARRERAS<\/h1>\n<p>&nbsp;<\/p>\n<p><figure id=\"attachment_1256\" aria-describedby=\"caption-attachment-1256\" style=\"width: 190px\" class=\"wp-caption alignnone\"><a href=\"https:\/\/isfdyt155-bue.infd.edu.ar\/sitio\/profesorrado-de-educacion-secundaria-en-fisica\/\"><img decoding=\"async\" loading=\"lazy\" class=\"size-full wp-image-1256\" src=\"https:\/\/isfdyt155-bue.infd.edu.ar\/sitio\/wp-content\/uploads\/2022\/05\/Profesorado-de-Educacion-Secundaria-en-Fisica.jpg\" alt=\"\" width=\"200\" height=\"200\" \/><\/a><figcaption id=\"caption-attachment-1256\" class=\"wp-caption-text\">Hacer clic<\/figcaption><\/figure><br \/>\n<figure id=\"attachment_1255\" aria-describedby=\"caption-attachment-1255\" style=\"width: 190px\" class=\"wp-caption alignnone\"><a href=\"https:\/\/isfdyt155-bue.infd.edu.ar\/sitio\/profesorado-de-educacion-primaria\/\"><img decoding=\"async\" loading=\"lazy\" class=\"size-full wp-image-1255\" src=\"https:\/\/isfdyt155-bue.infd.edu.ar\/sitio\/wp-content\/uploads\/2022\/05\/Profesorado-de-Educacion-Primaria.jpg\" alt=\"\" width=\"200\" height=\"200\" \/><\/a><figcaption id=\"caption-attachment-1255\" class=\"wp-caption-text\">Hacer clic<\/figcaption><\/figure><\/p>\n<p><a href=\"https:\/\/isfdyt155-bue.infd.edu.ar\/sitio\/docentes\/\"><img decoding=\"async\" loading=\"lazy\" class=\"alignnone size-full wp-image-1321\" src=\"https:\/\/isfdyt155-bue.infd.edu.ar\/sitio\/wp-content\/uploads\/2022\/08\/PREGUNTAS-FRECUENTES.png\" alt=\"\" width=\"200\" height=\"200\" \/><\/a><\/p>\n<h3>SEGUINOS EN FACEBOOK<\/h3>\n<p><a href=\"https:\/\/www.facebook.com\/ISFD-y-T-155-General-Rodr%C3%ADguez-101080622506726\"><img decoding=\"async\" loading=\"lazy\" class=\"alignnone size-full wp-image-1179\" src=\"https:\/\/isfdyt155-bue.infd.edu.ar\/sitio\/wp-content\/uploads\/2022\/04\/Boton_Me_gusta.svg_.png\" alt=\"\" width=\"200\" height=\"171\" \/><\/a><\/p>\n<h3>\u00a0<\/h3>\n<h4>\u00a0<\/h4>\n","protected":false},"excerpt":{"rendered":"<p>Jornada Institucional sobre #NiUnaMenos 03\/10\/2023 Luego del 3 de junio de 2015, cuando los movimientos de mujeres y organizaciones feministas se pronunciaron de forma masiva en las calles y en las redes sociales bajo el lema #NiUnaMenos, comenz\u00f3 un nuevo per\u00edodo de transformaci\u00f3n, que se extiende hasta la actualidad y que instal\u00f3 la perspectiva de &#8230; <a title=\"\" class=\"read-more\" href=\"https:\/\/isfdyt155-bue.infd.edu.ar\/sitio\/\" aria-label=\"More on \">[+]<\/a><\/p>\n","protected":false},"author":1,"featured_media":0,"parent":0,"menu_order":0,"comment_status":"closed","ping_status":"closed","template":"","meta":[],"acf":[],"_links":{"self":[{"href":"https:\/\/isfdyt155-bue.infd.edu.ar\/sitio\/wp-json\/wp\/v2\/pages\/286"}],"collection":[{"href":"https:\/\/isfdyt155-bue.infd.edu.ar\/sitio\/wp-json\/wp\/v2\/pages"}],"about":[{"href":"https:\/\/isfdyt155-bue.infd.edu.ar\/sitio\/wp-json\/wp\/v2\/types\/page"}],"author":[{"embeddable":true,"href":"https:\/\/isfdyt155-bue.infd.edu.ar\/sitio\/wp-json\/wp\/v2\/users\/1"}],"replies":[{"embeddable":true,"href":"https:\/\/isfdyt155-bue.infd.edu.ar\/sitio\/wp-json\/wp\/v2\/comments?post=286"}],"version-history":[{"count":410,"href":"https:\/\/isfdyt155-bue.infd.edu.ar\/sitio\/wp-json\/wp\/v2\/pages\/286\/revisions"}],"predecessor-version":[{"id":1523,"href":"https:\/\/isfdyt155-bue.infd.edu.ar\/sitio\/wp-json\/wp\/v2\/pages\/286\/revisions\/1523"}],"wp:attachment":[{"href":"https:\/\/isfdyt155-bue.infd.edu.ar\/sitio\/wp-json\/wp\/v2\/media?parent=286"}],"curies":[{"name":"wp","href":"https:\/\/api.w.org\/{rel}","templated":true}]}}